{"id":2,"date":"2023-09-16T11:10:05","date_gmt":"2023-09-16T11:10:05","guid":{"rendered":"https:\/\/howdoi.id.vn\/?page_id=2"},"modified":"2025-01-07T20:25:21","modified_gmt":"2025-01-07T13:25:21","slug":"about-us","status":"publish","type":"page","link":"https:\/\/howdoi.id.vn\/?page_id=2","title":{"rendered":"BI\u1ebeT V\u1ec0 NHAU"},"content":{"rendered":"\n<p>T\u00f4i lu\u00f4n gh\u00e9t c\u1ea3m gi\u00e1c l\u00e0m qu\u00e1 nhi\u1ec1u nh\u01b0ng nh\u1eadn l\u1ea1i qu\u00e1 \u00edt.<\/p>\n\n\n\n<p>Th\u1ee9c d\u1eady l\u00fac 3 gi\u1edd s\u00e1ng \u0111\u1ec3 l\u00e0m ca s\u00e1ng t\u1ea1i c\u00f4ng vi\u1ec7c l\u01b0\u01a1ng t\u1ed1i thi\u1ec3u.<\/p>\n\n\n\n<p>\u0110i h\u1ecdc 8 gi\u1edd m\u1ed7i ng\u00e0y, bi\u1ebft r\u1eb1ng t\u00f4i \u0111ang d\u00e0nh th\u1eddi gian n\u00e0y ch\u1ec9 \u0111\u1ec3 ki\u1ebfm \u0111\u01b0\u1ee3c s\u1ed1 ti\u1ec1n b\u1eb1ng ho\u1eb7c th\u1ea5p h\u01a1n ng\u01b0\u1eddi trung b\u00ecnh trong t\u01b0\u01a1ng lai.<\/p>\n\n\n\n<p>D\u00e0nh h\u1ebft s\u1ee9c m\u00ecnh cho c\u00f4ng ty c\u1ee7a ng\u01b0\u1eddi kh\u00e1c nh\u01b0ng nh\u1eadn l\u1ea1i s\u1ed1 ti\u1ec1n gi\u1ed1ng nhau d\u00f9 l\u00e0m vi\u1ec7c ch\u0103m ch\u1ec9 th\u1ebf n\u00e0o.<\/p>\n\n\n\n<p>T\u00f4i \u0111\u00e3 c\u00f3 t\u01b0 duy n\u00e0y t\u1eeb s\u1edbm.<\/p>\n\n\n\n<p>M\u1ecdi ng\u01b0\u1eddi n\u00f3i r\u1eb1ng t\u00f4i r\u1ea5t t\u1ec9nh t\u00e1o t\u1eeb khi c\u00f2n nh\u1ecf.<\/p>\n\n\n\n<p>T\u00f4i nh\u1eadn th\u1ea5y r\u1eb1ng h\u1ea7u h\u1ebft m\u1ecdi ng\u01b0\u1eddi \u0111\u1ec1u kh\u00f4ng h\u00e0i l\u00f2ng, m\u1ec7t m\u1ecfi v\u00e0 lo l\u1eafng v\u1ec1 h\u1ea7u h\u1ebft c\u00e1c quy\u1ebft \u0111\u1ecbnh m\u00e0 h\u1ecd \u0111\u00e3 l\u00e0m\u2014\u0111\u1eb7c bi\u1ec7t l\u00e0 c\u00e1c quy\u1ebft \u0111\u1ecbnh t\u00e0i ch\u00ednh.<\/p>\n\n\n\n<p>V\u00ec v\u1eady, s\u1ef1 ch\u00fa \u00fd c\u1ee7a t\u00f4i h\u01b0\u1edbng \u0111\u1ebfn \u0111i\u1ec1u ng\u01b0\u1ee3c l\u1ea1i. T\u00f4i \u0111\u00e3 d\u00e0nh ph\u1ea7n l\u1edbn th\u1eddi thanh xu\u00e2n c\u1ee7a m\u00ecnh \u0111\u1ec3 ph\u00e2n t\u00edch nh\u1eefng \u0111i\u1ec1u l\u00e0m cho ng\u01b0\u1eddi th\u00e0nh c\u00f4ng tr\u1edf n\u00ean th\u00e0nh c\u00f4ng.<\/p>\n\n\n\n<p>T\u00f4i lu\u00f4n m\u01a1 \u01b0\u1edbc tr\u1edf th\u00e0nh m\u1ed9t \u201ctri\u1ec7u ph\u00fa.\u201d<\/p>\n\n\n\n<p>Nghe r\u1ea5t h\u1ea5p d\u1eabn.<\/p>\n\n\n\n<p>C\u00f3 g\u00ec \u0111\u00f3 v\u1ec1 danh hi\u1ec7u \u0111\u00f3\u2026 tri\u1ec7u ph\u00fa.<\/p>\n\n\n\n<p>V\u1ecb th\u1ebf. S\u1ef1 t\u1ef1 do. S\u1ef1 thi\u1ebfu \u0111i \u0111\u1ed3ng lo.<\/p>\n\n\n\n<p>Nh\u01b0ng b\u00e2y gi\u1edd, l\u00e0 m\u1ed9t ng\u01b0\u1eddi \u0111\u00e3 tr\u1edf th\u00e0nh tri\u1ec7u ph\u00fa, t\u00f4i c\u00f3 th\u1ec3 n\u00f3i v\u1edbi b\u1ea1n r\u1eb1ng t\u1ea5t c\u1ea3 nh\u1eefng g\u00ec b\u1ea1n ngh\u0129 v\u1ec1 vi\u1ec7c tr\u1edf th\u00e0nh tri\u1ec7u ph\u00fa \u0111\u1ec1u l\u00e0 s\u1ef1 th\u1eadt.<\/p>\n\n\n\n<p>T\u00f4i s\u1ebd kh\u00f4ng gi\u1ea3m n\u00f3i \u0111i. Khi t\u00f4i nh\u1edb l\u1ea1i l\u00fac v\u1eaba \u0111\u1ea5u v\u1eadt v\u1ea3 l\u1ea5y 300 USD \u0111\u1ec3 tr\u1ea3 ti\u1ec1n thu\u00ea ph\u1ea7n c\u1ee7a m\u00ecnh trong m\u1ed9t c\u0103n nh\u00e0 chia s\u1ebb v\u1edbi 7 ng\u01b0\u1eddi kh\u00e1c, t\u00f4i th\u1ea5y m\u00ecnh r\u1ea5t bi\u1ebft \u01a1n. \u0110\u00f3 l\u00e0 m\u1ed9t ph\u01b0\u1edbc l\u00e0nh v\u00e0 \u0111\u00f4i khi l\u00e0 m\u1ed9t l\u1eddi nguy\u1ec1n khi kh\u00f4ng ph\u1ea3i lo l\u1eafng v\u1ec1 chi ti\u00eau cho 99% giao d\u1ecbch.<\/p>\n\n\n\n<p>T\u1ea5t nhi\u00ean, tr\u1edf th\u00e0nh tri\u1ec7u ph\u00fa kh\u00f4ng \u0111\u1ed3ng ngh\u0129a v\u1edbi vi\u1ec7c cu\u1ed9c s\u1ed1ng l\u00fac n\u00e0o c\u0169ng ho\u00e0n h\u1ea3o. Vi\u1ec7c ph\u00e1t tri\u1ec3n l\u0129nh v\u1ef1c t\u00e0i ch\u00ednh trong cu\u1ed9c s\u1ed1ng kh\u00f4ng \u0111\u1ed3ng ngh\u0129a v\u1edbi vi\u1ec7c b\u1ea1n \u0111\u00e3 ph\u00e1t tri\u1ec3n c\u00e1c l\u0129nh v\u1ef1c tinh th\u1ea7n, th\u1ec3 ch\u1ea5t, x\u00e3 h\u1ed9i v\u00e0 t\u00e2m linh.<\/p>\n\n\n\n<p>Tr\u00ean th\u1ef1c t\u1ebf, n\u1ebfu b\u1ea1n nh\u00ecn xung quanh, cu\u1ed9c s\u1ed1ng th\u1eadm ch\u00ed c\u00f2n t\u1ed3i t\u1ec7 h\u01a1n \u0111\u1ed1i v\u1edbi nh\u1eefng ng\u01b0\u1eddi ch\u1ec9 t\u1eadp trung v\u00e0o ti\u1ec1n b\u1ea1c.<\/p>\n\n\n\n<p>V\u00ec v\u1eady, tr\u01b0\u1edbc khi ch\u00fang ta b\u1eaft \u0111\u1ea7u, h\u00e3y gi\u1eef \u0111i\u1ec1u \u0111\u00f3 trong t\u00e2m tr\u00ed.<\/p>\n\n\n\n<p>T\u00f4i s\u1ebd cho b\u1ea1n nh\u1eefng b\u01b0\u1edbc ch\u00ednh x\u00e1c \u0111\u1ec3 tr\u1edf th\u00e0nh tri\u1ec7u ph\u00fa trong \u0111\u1ed9 tu\u1ed5i 20.<\/p>\n\n\n\n<p>Nh\u01b0ng h\u00e3y hi\u1ec3u r\u1eb1ng ki\u1ebfm ti\u1ec1n ch\u1ec9 gi\u1ea3i quy\u1ebft c\u00e1c v\u1ea5n \u0111\u1ec1 ti\u1ec1n b\u1ea1c c\u1ee7a b\u1ea1n.<\/p>\n\n\n\n<p>V\u00e0 h\u1ea7u h\u1ebft c\u00e1c v\u1ea5n \u0111\u1ec1 ti\u1ec1n b\u1ea1c kh\u00f4ng th\u1ef1c s\u1ef1 l\u00e0 v\u1ea5n \u0111\u1ec1 ti\u1ec1n b\u1ea1c. Ch\u00fang l\u00e0 nh\u1eefng v\u1ea5n \u0111\u1ec1 t\u00e2m l\u00fd. Ti\u1ec1n b\u1ea1c s\u1ebd kh\u00f4ng gi\u00fap \u0111\u01b0\u1ee3c b\u1ea1n nh\u01b0 b\u1ea1n ngh\u0129 n\u1ebfu b\u1ea1n kh\u00f4ng d\u00e0nh c\u1ea3m k\u1ebft tr\u1edf th\u00e0nh phi\u00ean b\u1ea3n t\u1ed1t nh\u1ea5t c\u1ee7a ch\u00ednh m\u00ecnh.<\/p>\n\n\n\n<p><\/p>\n","protected":false},"excerpt":{"rendered":"<p>T\u00f4i lu\u00f4n gh\u00e9t c\u1ea3m gi\u00e1c l\u00e0m qu\u00e1 nhi\u1ec1u nh\u01b0ng nh\u1eadn l\u1ea1i qu\u00e1 \u00edt. Th\u1ee9c d\u1eady l\u00fac 3 gi\u1edd s\u00e1ng \u0111\u1ec3 l\u00e0m ca s\u00e1ng t\u1ea1i c\u00f4ng vi\u1ec7c l\u01b0\u01a1ng t\u1ed1i thi\u1ec3u. \u0110i h\u1ecdc 8 gi\u1edd m\u1ed7i ng\u00e0y, bi\u1ebft r\u1eb1ng t\u00f4i \u0111ang d\u00e0nh th\u1eddi gian n\u00e0y ch\u1ec9 \u0111\u1ec3 ki\u1ebfm \u0111\u01b0\u1ee3c s\u1ed1 ti\u1ec1n b\u1eb1ng ho\u1eb7c th\u1ea5p h\u01a1n ng\u01b0\u1eddi trung [&hellip;]<\/p>\n","protected":false},"author":1,"featured_media":0,"parent":0,"menu_order":0,"comment_status":"closed","ping_status":"closed","template":"","meta":{"footnotes":""},"class_list":["post-2","page","type-page","status-publish","hentry"],"jetpack-related-posts":[{"id":671,"url":"https:\/\/howdoi.id.vn\/?page_id=671","url_meta":{"origin":2,"position":0},"title":"C\u00d4NG C\u1ee4 C\u1ee6A T\u00d4I","author":"admin","date":"April 22, 2025","format":false,"excerpt":"N\u01a1i t\u00f4i chia s\u1ebb nh\u1eefng c\u00f4ng c\u1ee5 \u0111\u1ec3 gi\u00fap b\u1ea1n c\u00f3 th\u1ec3 qu\u1ea3n l\u00fd chi ti\u00eau c\u0169ng nh\u01b0ng ph\u00e1t tri\u1ec3n t\u1ef1 do t\u00e0i ch\u00ednh","rel":"","context":"Similar post","block_context":{"text":"Similar post","link":""},"img":{"alt_text":"","src":"","width":0,"height":0},"classes":[]}],"jetpack_sharing_enabled":true,"_links":{"self":[{"href":"https:\/\/howdoi.id.vn\/index.php?rest_route=\/wp\/v2\/pages\/2","targetHints":{"allow":["GET"]}}],"collection":[{"href":"https:\/\/howdoi.id.vn\/index.php?rest_route=\/wp\/v2\/pages"}],"about":[{"href":"https:\/\/howdoi.id.vn\/index.php?rest_route=\/wp\/v2\/types\/page"}],"author":[{"embeddable":true,"href":"https:\/\/howdoi.id.vn\/index.php?rest_route=\/wp\/v2\/users\/1"}],"replies":[{"embeddable":true,"href":"https:\/\/howdoi.id.vn\/index.php?rest_route=%2Fwp%2Fv2%2Fcomments&post=2"}],"version-history":[{"count":4,"href":"https:\/\/howdoi.id.vn\/index.php?rest_route=\/wp\/v2\/pages\/2\/revisions"}],"predecessor-version":[{"id":521,"href":"https:\/\/howdoi.id.vn\/index.php?rest_route=\/wp\/v2\/pages\/2\/revisions\/521"}],"wp:attachment":[{"href":"https:\/\/howdoi.id.vn\/index.php?rest_route=%2Fwp%2Fv2%2Fmedia&parent=2"}],"curies":[{"name":"wp","href":"https:\/\/api.w.org\/{rel}","templated":true}]}}